{"id":38246,"date":"2024-11-21T17:58:16","date_gmt":"2024-11-21T16:58:16","guid":{"rendered":"https:\/\/wp-space.de\/?page_id=38246"},"modified":"2025-11-21T07:57:43","modified_gmt":"2025-11-21T06:57:43","slug":"successful-registration","status":"publish","type":"page","link":"https:\/\/wp-space.de\/en\/successful-registration\/","title":{"rendered":"Successful registration"},"content":{"rendered":"\t\t<div data-elementor-type=\"wp-page\" data-elementor-id=\"38246\" class=\"elementor elementor-38246\" data-elementor-post-type=\"page\">\n\t\t\t\t<div class=\"elementor-element elementor-element-6052ff6 e-con-full e-flex e-con e-parent\" data-id=\"6052ff6\" data-element_type=\"container\" data-e-type=\"container\">\n\t\t<div class=\"elementor-element elementor-element-6fd816c e-con-full e-flex e-con e-child\" data-id=\"6fd816c\" data-element_type=\"container\" data-e-type=\"container\" data-settings=\"{&quot;background_background&quot;:&quot;classic&quot;}\">\n\t\t\t\t<div class=\"elementor-element elementor-element-6a0a84f elementor-widget elementor-widget-image\" data-id=\"6a0a84f\" data-element_type=\"widget\" data-e-type=\"widget\" data-widget_type=\"image.default\">\n\t\t\t\t\t\t\t\t\t\t\t\t\t\t\t\t<a href=\"https:\/\/wp-space.de\/en\">\n\t\t\t\t\t\t\t<img fetchpriority=\"high\" decoding=\"async\" width=\"785\" height=\"145\" src=\"https:\/\/wp-space.de\/wp-content\/uploads\/2023\/11\/WP_SPACE_Logo_weiss.png\" class=\"attachment-large size-large wp-image-20953\" alt=\"\" srcset=\"https:\/\/wp-space.de\/wp-content\/uploads\/2023\/11\/WP_SPACE_Logo_weiss.png 785w, https:\/\/wp-space.de\/wp-content\/uploads\/2023\/11\/WP_SPACE_Logo_weiss-300x55.png 300w, https:\/\/wp-space.de\/wp-content\/uploads\/2023\/11\/WP_SPACE_Logo_weiss-768x142.png 768w, https:\/\/wp-space.de\/wp-content\/uploads\/2023\/11\/WP_SPACE_Logo_weiss-18x3.png 18w\" sizes=\"(max-width: 785px) 100vw, 785px\" \/>\t\t\t\t\t\t\t\t<\/a>\n\t\t\t\t\t\t\t\t\t\t\t\t\t\t\t<\/div>\n\t\t\t\t<div class=\"elementor-element elementor-element-6080c6c elementor-widget elementor-widget-heading\" data-id=\"6080c6c\" data-element_type=\"widget\" data-e-type=\"widget\" data-widget_type=\"heading.default\">\n\t\t\t\t\t<div class=\"elementor-heading-title elementor-size-default\">Du bist dabei!<\/div>\t\t\t\t<\/div>\n\t\t\t\t<div class=\"elementor-element elementor-element-dc4d4fa elementor-widget elementor-widget-heading\" data-id=\"dc4d4fa\" data-element_type=\"widget\" data-e-type=\"widget\" data-widget_type=\"heading.default\">\n\t\t\t\t\t<span class=\"elementor-heading-title elementor-size-default\">Der Black Friday Secret Sale beginnt in:<\/span>\t\t\t\t<\/div>\n\t\t\t\t<div class=\"elementor-element elementor-element-647cadb elementor-hidden-mobile elementor-countdown--label-block elementor-widget elementor-widget-countdown\" data-id=\"647cadb\" data-element_type=\"widget\" data-e-type=\"widget\" data-widget_type=\"countdown.default\">\n\t\t\t\t\t\t\t<div data-expire-actions=\"[{&quot;type&quot;:&quot;hide&quot;}]\" class=\"elementor-countdown-wrapper\" data-date=\"1764320400\">\n\t\t\t<div class=\"elementor-countdown-item\"><span class=\"elementor-countdown-digits elementor-countdown-days\"><\/span> <span class=\"elementor-countdown-label\">Days<\/span><\/div><div class=\"elementor-countdown-item\"><span class=\"elementor-countdown-digits elementor-countdown-hours\"><\/span> <span class=\"elementor-countdown-label\">Hours<\/span><\/div><div class=\"elementor-countdown-item\"><span class=\"elementor-countdown-digits elementor-countdown-minutes\"><\/span> <span class=\"elementor-countdown-label\">Minutes<\/span><\/div><div class=\"elementor-countdown-item\"><span class=\"elementor-countdown-digits elementor-countdown-seconds\"><\/span> <span class=\"elementor-countdown-label\">Seconds<\/span><\/div>\t\t<\/div>\n\t\t\t\t\t\t<\/div>\n\t\t\t\t<div class=\"elementor-element elementor-element-ed341ea elementor-widget elementor-widget-heading\" data-id=\"ed341ea\" data-element_type=\"widget\" data-e-type=\"widget\" data-widget_type=\"heading.default\">\n\t\t\t\t\t<h3 class=\"elementor-heading-title elementor-size-default\">Trage dir den Termin jetzt in Deinem Kalender ein:<\/h3>\t\t\t\t<\/div>\n\t\t\t\t<div class=\"elementor-element elementor-element-32624f7 elementor-widget elementor-widget-html\" data-id=\"32624f7\" data-element_type=\"widget\" data-e-type=\"widget\" data-widget_type=\"html.default\">\n\t\t\t\t\t<p style=\"margin:0px 0px 25px 0px;text-align:center;font-size:17px;line-height:150%;color:#000;font-weight:bold;\">Add event to calendar<\/p>\r\n<p style=\"margin:0px 0px 10px 0px;text-align:center;\">\r\n    <a href=\"https:\/\/www.addevent.com\/event\/9sc5rzvmhczj+apple\" title=\"Apple\" target=\"_blank\" style=\"display:inline;\" rel=\"noopener\">\r\n        <img decoding=\"async\" src=\"https:\/\/buttons.addevent.com\/atc-apple-ec73c3-r12-icotxt-s36.png\" alt=\"Apple\" height=\"36\" border=\"0\" style=\"height:36px;display:inline;\" \/>\r\n    <\/a>\r\n    <a href=\"https:\/\/www.addevent.com\/event\/9sc5rzvmhczj+google\" title=\"Google\" target=\"_blank\" style=\"display:inline;\" rel=\"noopener\">\r\n        <img decoding=\"async\" src=\"https:\/\/buttons.addevent.com\/atc-google-ec73c3-r12-icotxt-s36.png\" alt=\"Google\" height=\"36\" border=\"0\" style=\"height:36px;display:inline;\" \/>\r\n    <\/a>\r\n    <a href=\"https:\/\/www.addevent.com\/event\/9sc5rzvmhczj+outlook\" title=\"Outlook\" target=\"_blank\" style=\"display:inline;\" rel=\"noopener\">\r\n        <img decoding=\"async\" src=\"https:\/\/buttons.addevent.com\/atc-outlook-ec73c3-r12-icotxt-s36.png\" alt=\"Outlook\" height=\"36\" border=\"0\" style=\"height:36px;display:inline;\" \/>\r\n    <\/a>\r\n    <a href=\"https:\/\/www.addevent.com\/event\/9sc5rzvmhczj+outlookcom\" title=\"Outlook.com\" target=\"_blank\" style=\"display:inline;\" rel=\"noopener\">\r\n        <img decoding=\"async\" src=\"https:\/\/buttons.addevent.com\/atc-outlookcom-ec73c3-r12-icotxt-s36.png\" alt=\"Outlook.com\" height=\"36\" border=\"0\" style=\"height:36px;display:inline;\" \/>\r\n    <\/a>\r\n    <a href=\"https:\/\/www.addevent.com\/event\/9sc5rzvmhczj+office365\" title=\"Office 365\" target=\"_blank\" style=\"display:inline;\" rel=\"noopener\">\r\n        <img decoding=\"async\" src=\"https:\/\/buttons.addevent.com\/atc-officecom-ec73c3-r12-icotxt-s36.png\" alt=\"Office 365\" height=\"36\" border=\"0\" style=\"height:36px;display:inline;\" \/>\r\n    <\/a>\r\n    <a href=\"https:\/\/www.addevent.com\/event\/9sc5rzvmhczj+yahoo\" title=\"Yahoo\" target=\"_blank\" style=\"display:inline;\" rel=\"noopener\">\r\n        <img decoding=\"async\" src=\"https:\/\/buttons.addevent.com\/atc-yahoo-ec73c3-r12-icotxt-s36.png\" alt=\"Yahoo\" height=\"36\" border=\"0\" style=\"height:36px;display:inline;\" \/>\r\n    <\/a>\r\n<\/p>\r\n\t\t\t\t<\/div>\n\t\t\t\t<\/div>\n\t\t<div class=\"elementor-element elementor-element-f24db31 e-con-full e-flex e-con e-child\" data-id=\"f24db31\" data-element_type=\"container\" data-e-type=\"container\">\n\t\t\t\t<div class=\"elementor-element elementor-element-bfb5900 elementor-widget elementor-widget-heading\" data-id=\"bfb5900\" data-element_type=\"widget\" data-e-type=\"widget\" data-widget_type=\"heading.default\">\n\t\t\t\t\t<h4 class=\"elementor-heading-title elementor-size-default\">Am besten speicherst du dir auch schon die URL in Deinen Favoriten:<\/h4>\t\t\t\t<\/div>\n\t\t\t\t<div class=\"elementor-element elementor-element-077e7a9 highlight elementor-widget elementor-widget-heading\" data-id=\"077e7a9\" data-element_type=\"widget\" data-e-type=\"widget\" data-widget_type=\"heading.default\">\n\t\t\t\t\t<h3 class=\"elementor-heading-title elementor-size-default\">https:\/\/wp-space.de\/promotion<\/h3>\t\t\t\t<\/div>\n\t\t\t\t<div class=\"elementor-element elementor-element-a5d7efd elementor-align-center elementor-widget elementor-widget-button\" data-id=\"a5d7efd\" data-element_type=\"widget\" data-e-type=\"widget\" data-widget_type=\"button.default\">\n\t\t\t\t\t\t\t\t\t\t<a class=\"elementor-button elementor-button-link elementor-size-sm elementor-animation-grow\" href=\"https:\/\/wp-space.de\/en\/promotion\/\">\n\t\t\t\t\t\t<span class=\"elementor-button-content-wrapper\">\n\t\t\t\t\t\t\t\t\t<span class=\"elementor-button-text\">Zur\u00fcck zur Promotion<\/span>\n\t\t\t\t\t<\/span>\n\t\t\t\t\t<\/a>\n\t\t\t\t\t\t\t\t<\/div>\n\t\t\t\t<\/div>\n\t\t<div class=\"elementor-element elementor-element-6564326 e-con-full e-flex e-con e-child\" data-id=\"6564326\" data-element_type=\"container\" data-e-type=\"container\">\n\t\t\t\t<div class=\"elementor-element elementor-element-51f6484 elementor-widget elementor-widget-template\" data-id=\"51f6484\" data-element_type=\"widget\" data-e-type=\"widget\" data-widget_type=\"template.default\">\n\t\t\t\t<div class=\"elementor-widget-container\">\n\t\t\t\t\t\t\t<div class=\"elementor-template\">\n\t\t\t\t\t<div data-elementor-type=\"container\" data-elementor-id=\"38738\" class=\"elementor elementor-38738\" data-elementor-post-type=\"elementor_library\">\n\t\t\t\t<div class=\"elementor-element elementor-element-549d69ab e-flex e-con-boxed e-con e-parent\" data-id=\"549d69ab\" data-element_type=\"container\" data-e-type=\"container\" data-settings=\"{&quot;background_background&quot;:&quot;classic&quot;}\">\n\t\t\t\t\t<div class=\"e-con-inner\">\n\t\t\t\t<div class=\"elementor-element elementor-element-7e14436d elementor-widget-divider--view-line elementor-widget elementor-widget-divider\" data-id=\"7e14436d\" data-element_type=\"widget\" data-e-type=\"widget\" data-widget_type=\"divider.default\">\n\t\t\t\t\t\t\t<div class=\"elementor-divider\">\n\t\t\t<span class=\"elementor-divider-separator\">\n\t\t\t\t\t\t<\/span>\n\t\t<\/div>\n\t\t\t\t\t\t<\/div>\n\t\t\t\t<div class=\"elementor-element elementor-element-52ed1321 elementor-widget__width-inherit elementor-widget elementor-widget-image\" data-id=\"52ed1321\" data-element_type=\"widget\" data-e-type=\"widget\" data-widget_type=\"image.default\">\n\t\t\t\t\t\t\t\t\t\t\t\t\t\t\t<img decoding=\"async\" width=\"800\" height=\"107\" src=\"https:\/\/wp-space.de\/wp-content\/uploads\/2024\/11\/trust-1-1.png\" class=\"attachment-large size-large wp-image-39231\" alt=\"WPspace Social Proof\" srcset=\"https:\/\/wp-space.de\/wp-content\/uploads\/2024\/11\/trust-1-1.png 972w, https:\/\/wp-space.de\/wp-content\/uploads\/2024\/11\/trust-1-1-300x40.png 300w, https:\/\/wp-space.de\/wp-content\/uploads\/2024\/11\/trust-1-1-768x103.png 768w, https:\/\/wp-space.de\/wp-content\/uploads\/2024\/11\/trust-1-1-18x2.png 18w\" sizes=\"(max-width: 800px) 100vw, 800px\" \/>\t\t\t\t\t\t\t\t\t\t\t\t\t\t\t<\/div>\n\t\t<div class=\"elementor-element elementor-element-37387fb5 e-con-full e-flex e-con e-child\" data-id=\"37387fb5\" data-element_type=\"container\" data-e-type=\"container\" data-settings=\"{&quot;background_background&quot;:&quot;classic&quot;}\">\n\t\t\t\t<div class=\"elementor-element elementor-element-49ff2ecd elementor-widget elementor-widget-image\" data-id=\"49ff2ecd\" data-element_type=\"widget\" data-e-type=\"widget\" data-widget_type=\"image.default\">\n\t\t\t\t\t\t\t\t\t\t\t\t\t\t\t<img fetchpriority=\"high\" decoding=\"async\" width=\"785\" height=\"145\" src=\"https:\/\/wp-space.de\/wp-content\/uploads\/2023\/11\/WP_SPACE_Logo_weiss.png\" class=\"attachment-large size-large wp-image-20953\" alt=\"\" srcset=\"https:\/\/wp-space.de\/wp-content\/uploads\/2023\/11\/WP_SPACE_Logo_weiss.png 785w, https:\/\/wp-space.de\/wp-content\/uploads\/2023\/11\/WP_SPACE_Logo_weiss-300x55.png 300w, https:\/\/wp-space.de\/wp-content\/uploads\/2023\/11\/WP_SPACE_Logo_weiss-768x142.png 768w, https:\/\/wp-space.de\/wp-content\/uploads\/2023\/11\/WP_SPACE_Logo_weiss-18x3.png 18w\" sizes=\"(max-width: 785px) 100vw, 785px\" \/>\t\t\t\t\t\t\t\t\t\t\t\t\t\t\t<\/div>\n\t\t\t\t<\/div>\n\t\t\t\t<div class=\"elementor-element elementor-element-5da36ed elementor-nav-menu__align-center elementor-nav-menu--dropdown-none elementor-widget-mobile__width-inherit elementor-widget elementor-widget-nav-menu\" data-id=\"5da36ed\" data-element_type=\"widget\" data-e-type=\"widget\" data-settings=\"{&quot;layout&quot;:&quot;horizontal&quot;,&quot;submenu_icon&quot;:{&quot;value&quot;:&quot;&lt;svg aria-hidden=\\&quot;true\\&quot; class=\\&quot;e-font-icon-svg e-fas-caret-down\\&quot; viewBox=\\&quot;0 0 320 512\\&quot; xmlns=\\&quot;http:\\\/\\\/www.w3.org\\\/2000\\\/svg\\&quot;&gt;&lt;path d=\\&quot;M31.3 192h257.3c17.8 0 26.7 21.5 14.1 34.1L174.1 354.8c-7.8 7.8-20.5 7.8-28.3 0L17.2 226.1C4.6 213.5 13.5 192 31.3 192z\\&quot;&gt;&lt;\\\/path&gt;&lt;\\\/svg&gt;&quot;,&quot;library&quot;:&quot;fa-solid&quot;}}\" data-widget_type=\"nav-menu.default\">\n\t\t\t\t\t\t\t\t<nav aria-label=\"Men\u00fc\" class=\"elementor-nav-menu--main elementor-nav-menu__container elementor-nav-menu--layout-horizontal e--pointer-none\">\n\t\t\t\t<ul id=\"menu-1-5da36ed\" class=\"elementor-nav-menu\"><li class=\"menu-item menu-item-type-post_type menu-item-object-legal menu-item-21569\"><a target=\"_blank\" href=\"https:\/\/wp-space.de\/en\/legal\/imprint\/\" class=\"elementor-item\">Impressum<\/a><\/li>\n<li class=\"menu-item menu-item-type-post_type menu-item-object-page menu-item-17038\"><a target=\"_blank\" href=\"https:\/\/wp-space.de\/en\/general-terms-and-conditions\/\" class=\"elementor-item\">AGB<\/a><\/li>\n<li class=\"menu-item menu-item-type-post_type menu-item-object-legal menu-item-21568\"><a target=\"_blank\" href=\"https:\/\/wp-space.de\/en\/legal\/data-protection-declaration\/\" class=\"elementor-item\">Datenschutzerkl\u00e4rung<\/a><\/li>\n<\/ul>\t\t\t<\/nav>\n\t\t\t\t\t\t<nav class=\"elementor-nav-menu--dropdown elementor-nav-menu__container\" aria-hidden=\"true\">\n\t\t\t\t<ul id=\"menu-2-5da36ed\" class=\"elementor-nav-menu\"><li class=\"menu-item menu-item-type-post_type menu-item-object-legal menu-item-21569\"><a target=\"_blank\" href=\"https:\/\/wp-space.de\/en\/legal\/imprint\/\" class=\"elementor-item\" tabindex=\"-1\">Impressum<\/a><\/li>\n<li class=\"menu-item menu-item-type-post_type menu-item-object-page menu-item-17038\"><a target=\"_blank\" href=\"https:\/\/wp-space.de\/en\/general-terms-and-conditions\/\" class=\"elementor-item\" tabindex=\"-1\">AGB<\/a><\/li>\n<li class=\"menu-item menu-item-type-post_type menu-item-object-legal menu-item-21568\"><a target=\"_blank\" href=\"https:\/\/wp-space.de\/en\/legal\/data-protection-declaration\/\" class=\"elementor-item\" tabindex=\"-1\">Datenschutzerkl\u00e4rung<\/a><\/li>\n<\/ul>\t\t\t<\/nav>\n\t\t\t\t\t\t<\/div>\n\t\t\t\t<div class=\"elementor-element elementor-element-64e4ebd1 elementor-widget-mobile__width-inherit elementor-widget elementor-widget-heading\" data-id=\"64e4ebd1\" data-element_type=\"widget\" data-e-type=\"widget\" data-widget_type=\"heading.default\">\n\t\t\t\t\t<span class=\"elementor-heading-title elementor-size-default\">\u00a9 2025 WPspace<sup>\u00ae<\/sup><\/span>\t\t\t\t<\/div>\n\t\t\t\t<div class=\"elementor-element elementor-element-22d847bf elementor-widget elementor-widget-text-editor\" data-id=\"22d847bf\" data-element_type=\"widget\" data-e-type=\"widget\" data-widget_type=\"text-editor.default\">\n\t\t\t\t\t\t\t\t\t<p>Die Aktion gilt ausschlie\u00dflich f\u00fcr Neubestellungen unserer Hosting-Tarife der Produktkategorien LITEspace, PROspace und MAXspace. Die Aktion beginnt am 28.11.25 um 10.00 Uhr und endet automatisch, sobald 250 Bestellungen inkl. -58 % Black Friday Rabatt bestellt wurden &#8211; sp\u00e4testens jedoch am 28.11.25 um 23:59 Uhr. Ausgeschlossen von dieser Aktion sind alle weiteren Produkte und Dienstleistungen, die nicht zu den Produktkategorien LITEspace, PROspace oder MAXspace geh\u00f6ren. Alle Preise verstehen sich zzgl. 19 % USt. Unser Angebot richtet sich ausschlie\u00dflich an Gewerbetreibende. Jede Neukundenbestellung wird einzeln \u00fcberpr\u00fcft. Bestellungen von Privatpersonen werden nicht akzeptiert. Sofern ein Unternehmen nicht identifiziert werden kann, sind weitere Nachweise, wie zum Beispiel Handelsregisterauszug oder Gewerbeanmeldung f\u00fcr die \u00dcberpr\u00fcfung notwendig. Angebote sind nur f\u00fcr begrenzte Zeit g\u00fcltig und teils von Mindestvertragslaufzeiten abh\u00e4ngig. Hier findest du unsere <a style=\"text-decoration: underline; color: #b0b9be;\" href=\"https:\/\/wp-space.de\/allgemeine-geschaeftsbedingungen\/\" target=\"_blank\" rel=\"noopener\">Allgemeinen Gesch\u00e4ftsbedingungen<\/a>.<\/p>\t\t\t\t\t\t\t\t<\/div>\n\t\t\t\t\t<\/div>\n\t\t\t\t<\/div>\n\t\t\t\t<\/div>\n\t\t\t\t<\/div>\n\t\t\t\t\t\t<\/div>\n\t\t\t\t<\/div>\n\t\t\t\t<\/div>\n\t\t\t\t<\/div>\n\t\t\t\t<\/div>\n\t\t","protected":false},"excerpt":{"rendered":"<p>You are there! The Black Friday Secret Sale starts in: Days Hours Minutes Seconds Mark the date in your calendar now: It's best to save the URL in your favorites: https:\/\/wp-space.de\/promotion Back to the promotion<\/p>","protected":false},"author":2,"featured_media":0,"parent":0,"menu_order":0,"comment_status":"closed","ping_status":"closed","template":"elementor_canvas","meta":{"inline_featured_image":false,"footnotes":""},"class_list":["post-38246","page","type-page","status-publish","hentry"],"_links":{"self":[{"href":"https:\/\/wp-space.de\/en\/wp-json\/wp\/v2\/pages\/38246","targetHints":{"allow":["GET"]}}],"collection":[{"href":"https:\/\/wp-space.de\/en\/wp-json\/wp\/v2\/pages"}],"about":[{"href":"https:\/\/wp-space.de\/en\/wp-json\/wp\/v2\/types\/page"}],"author":[{"embeddable":true,"href":"https:\/\/wp-space.de\/en\/wp-json\/wp\/v2\/users\/2"}],"replies":[{"embeddable":true,"href":"https:\/\/wp-space.de\/en\/wp-json\/wp\/v2\/comments?post=38246"}],"version-history":[{"count":7,"href":"https:\/\/wp-space.de\/en\/wp-json\/wp\/v2\/pages\/38246\/revisions"}],"predecessor-version":[{"id":54642,"href":"https:\/\/wp-space.de\/en\/wp-json\/wp\/v2\/pages\/38246\/revisions\/54642"}],"wp:attachment":[{"href":"https:\/\/wp-space.de\/en\/wp-json\/wp\/v2\/media?parent=38246"}],"curies":[{"name":"wp","href":"https:\/\/api.w.org\/{rel}","templated":true}]}}