{"id":28584,"date":"2024-05-13T15:53:31","date_gmt":"2024-05-13T14:53:31","guid":{"rendered":"https:\/\/wp-space.de\/?page_id=28584"},"modified":"2026-02-12T11:26:50","modified_gmt":"2026-02-12T10:26:50","slug":"team","status":"publish","type":"page","link":"https:\/\/wp-space.de\/en\/team\/","title":{"rendered":"Team"},"content":{"rendered":"<div data-elementor-type=\"wp-page\" data-elementor-id=\"28584\" class=\"elementor elementor-28584\" data-elementor-post-type=\"page\">\n\t\t\t\t<div class=\"elementor-element elementor-element-dcbbc81 e-con-full e-flex e-con e-parent\" data-id=\"dcbbc81\" data-element_type=\"container\" data-e-type=\"container\" data-settings=\"{&quot;background_background&quot;:&quot;classic&quot;}\">\n\t\t<div class=\"elementor-element elementor-element-ee0d198 e-flex e-con-boxed e-con e-child\" data-id=\"ee0d198\" data-element_type=\"container\" data-e-type=\"container\">\n\t\t\t\t\t<div class=\"e-con-inner\">\n\t\t\t\t<div class=\"elementor-element elementor-element-4c509ef elementor-widget elementor-widget-heading\" data-id=\"4c509ef\" data-element_type=\"widget\" data-e-type=\"widget\" data-widget_type=\"heading.default\">\n\t\t\t\t\t<div class=\"elementor-heading-title elementor-size-default\">Team<\/div>\t\t\t\t<\/div>\n\t\t\t\t<div class=\"elementor-element elementor-element-27c6bf0 elementor-widget elementor-widget-heading\" data-id=\"27c6bf0\" data-element_type=\"widget\" data-e-type=\"widget\" data-widget_type=\"heading.default\">\n\t\t\t\t\t<h1 class=\"elementor-heading-title elementor-size-default\">Your WordPress experts<\/h1>\t\t\t\t<\/div>\n\t\t\t\t<div class=\"elementor-element elementor-element-a073719 elementor-widget elementor-widget-text-editor\" data-id=\"a073719\" data-element_type=\"widget\" data-e-type=\"widget\" data-widget_type=\"text-editor.default\">\n\t\t\t\t\t\t\t\t\tWe are here for you! Personal &amp; genuine.\t\t\t\t\t\t\t\t<\/div>\n\t\t\t\t\t<\/div>\n\t\t\t\t<\/div>\n\t\t<div class=\"elementor-element elementor-element-b148384 e-grid e-con-boxed e-con e-child\" data-id=\"b148384\" data-element_type=\"container\" data-e-type=\"container\">\n\t\t\t\t\t<div class=\"e-con-inner\">\n\t\t<div class=\"elementor-element elementor-element-15580b6 e-flex e-con-boxed e-con e-child\" data-id=\"15580b6\" data-element_type=\"container\" data-e-type=\"container\" data-settings=\"{&quot;background_background&quot;:&quot;classic&quot;}\">\n\t\t\t\t\t<div class=\"e-con-inner\">\n\t\t\t\t<div class=\"elementor-element elementor-element-49a841d elementor-widget elementor-widget-image\" data-id=\"49a841d\" data-element_type=\"widget\" data-e-type=\"widget\" data-widget_type=\"image.default\">\n\t\t\t\t\t\t\t\t\t\t\t\t\t\t\t<img fetchpriority=\"high\" decoding=\"async\" width=\"260\" height=\"260\" src=\"https:\/\/wp-space.de\/wp-content\/uploads\/2024\/05\/Amir.png\" class=\"attachment-large size-large wp-image-28535\" alt=\"\" srcset=\"https:\/\/wp-space.de\/wp-content\/uploads\/2024\/05\/Amir.png 260w, https:\/\/wp-space.de\/wp-content\/uploads\/2024\/05\/Amir-150x150.png 150w, https:\/\/wp-space.de\/wp-content\/uploads\/2024\/05\/Amir-12x12.png 12w\" sizes=\"(max-width: 260px) 100vw, 260px\" \/>\t\t\t\t\t\t\t\t\t\t\t\t\t\t\t<\/div>\n\t\t\t\t<div class=\"elementor-element elementor-element-d2e24d1 elementor-widget elementor-widget-heading\" data-id=\"d2e24d1\" data-element_type=\"widget\" data-e-type=\"widget\" data-widget_type=\"heading.default\">\n\t\t\t\t\t<div class=\"elementor-heading-title elementor-size-default\">Amir<\/div>\t\t\t\t<\/div>\n\t\t\t\t<div class=\"elementor-element elementor-element-a09c147 elementor-widget elementor-widget-heading\" data-id=\"a09c147\" data-element_type=\"widget\" data-e-type=\"widget\" data-widget_type=\"heading.default\">\n\t\t\t\t\t<div class=\"elementor-heading-title elementor-size-default\">Head of System Administration<\/div>\t\t\t\t<\/div>\n\t\t\t\t\t<\/div>\n\t\t\t\t<\/div>\n\t\t<div class=\"elementor-element elementor-element-ef9b413 e-flex e-con-boxed e-con e-child\" data-id=\"ef9b413\" data-element_type=\"container\" data-e-type=\"container\" data-settings=\"{&quot;background_background&quot;:&quot;classic&quot;}\">\n\t\t\t\t\t<div class=\"e-con-inner\">\n\t\t\t\t<div class=\"elementor-element elementor-element-929593b elementor-widget elementor-widget-image\" data-id=\"929593b\" data-element_type=\"widget\" data-e-type=\"widget\" data-widget_type=\"image.default\">\n\t\t\t\t\t\t\t\t\t\t\t\t\t\t\t<img decoding=\"async\" width=\"260\" height=\"260\" src=\"https:\/\/wp-space.de\/wp-content\/uploads\/2024\/05\/Axel.png\" class=\"attachment-large size-large wp-image-28539\" alt=\"\" srcset=\"https:\/\/wp-space.de\/wp-content\/uploads\/2024\/05\/Axel.png 260w, https:\/\/wp-space.de\/wp-content\/uploads\/2024\/05\/Axel-150x150.png 150w, https:\/\/wp-space.de\/wp-content\/uploads\/2024\/05\/Axel-12x12.png 12w\" sizes=\"(max-width: 260px) 100vw, 260px\" \/>\t\t\t\t\t\t\t\t\t\t\t\t\t\t\t<\/div>\n\t\t\t\t<div class=\"elementor-element elementor-element-3498d69 elementor-widget elementor-widget-heading\" data-id=\"3498d69\" data-element_type=\"widget\" data-e-type=\"widget\" data-widget_type=\"heading.default\">\n\t\t\t\t\t<div class=\"elementor-heading-title elementor-size-default\">Axel<\/div>\t\t\t\t<\/div>\n\t\t\t\t<div class=\"elementor-element elementor-element-55f9dfe elementor-widget elementor-widget-heading\" data-id=\"55f9dfe\" data-element_type=\"widget\" data-e-type=\"widget\" data-widget_type=\"heading.default\">\n\t\t\t\t\t<div class=\"elementor-heading-title elementor-size-default\">Support<br> Supervisor<\/div>\t\t\t\t<\/div>\n\t\t\t\t\t<\/div>\n\t\t\t\t<\/div>\n\t\t<div class=\"elementor-element elementor-element-e94dc51 e-flex e-con-boxed e-con e-child\" data-id=\"e94dc51\" data-element_type=\"container\" data-e-type=\"container\" data-settings=\"{&quot;background_background&quot;:&quot;classic&quot;}\">\n\t\t\t\t\t<div class=\"e-con-inner\">\n\t\t\t\t<div class=\"elementor-element elementor-element-dce2acc elementor-widget elementor-widget-image\" data-id=\"dce2acc\" data-element_type=\"widget\" data-e-type=\"widget\" data-widget_type=\"image.default\">\n\t\t\t\t\t\t\t\t\t\t\t\t\t\t\t<img decoding=\"async\" width=\"260\" height=\"260\" src=\"https:\/\/wp-space.de\/wp-content\/uploads\/2024\/05\/David.png\" class=\"attachment-large size-large wp-image-28537\" alt=\"\" srcset=\"https:\/\/wp-space.de\/wp-content\/uploads\/2024\/05\/David.png 260w, https:\/\/wp-space.de\/wp-content\/uploads\/2024\/05\/David-150x150.png 150w, https:\/\/wp-space.de\/wp-content\/uploads\/2024\/05\/David-12x12.png 12w\" sizes=\"(max-width: 260px) 100vw, 260px\" \/>\t\t\t\t\t\t\t\t\t\t\t\t\t\t\t<\/div>\n\t\t\t\t<div class=\"elementor-element elementor-element-24357e2 elementor-widget elementor-widget-heading\" data-id=\"24357e2\" data-element_type=\"widget\" data-e-type=\"widget\" data-widget_type=\"heading.default\">\n\t\t\t\t\t<div class=\"elementor-heading-title elementor-size-default\">David<\/div>\t\t\t\t<\/div>\n\t\t\t\t<div class=\"elementor-element elementor-element-d029445 elementor-widget elementor-widget-heading\" data-id=\"d029445\" data-element_type=\"widget\" data-e-type=\"widget\" data-widget_type=\"heading.default\">\n\t\t\t\t\t<div class=\"elementor-heading-title elementor-size-default\">Founder &amp; Managing Director<\/div>\t\t\t\t<\/div>\n\t\t\t\t\t<\/div>\n\t\t\t\t<\/div>\n\t\t<div class=\"elementor-element elementor-element-68fa9d3 e-flex e-con-boxed e-con e-child\" data-id=\"68fa9d3\" data-element_type=\"container\" data-e-type=\"container\" data-settings=\"{&quot;background_background&quot;:&quot;classic&quot;}\">\n\t\t\t\t\t<div class=\"e-con-inner\">\n\t\t\t\t<div class=\"elementor-element elementor-element-4fe9e7e elementor-widget elementor-widget-image\" data-id=\"4fe9e7e\" data-element_type=\"widget\" data-e-type=\"widget\" data-widget_type=\"image.default\">\n\t\t\t\t\t\t\t\t\t\t\t\t\t\t\t<img loading=\"lazy\" decoding=\"async\" width=\"260\" height=\"260\" src=\"https:\/\/wp-space.de\/wp-content\/uploads\/2024\/05\/Isabell.png\" class=\"attachment-large size-large wp-image-28536\" alt=\"Isabell from WPspace\" srcset=\"https:\/\/wp-space.de\/wp-content\/uploads\/2024\/05\/Isabell.png 260w, https:\/\/wp-space.de\/wp-content\/uploads\/2024\/05\/Isabell-150x150.png 150w, https:\/\/wp-space.de\/wp-content\/uploads\/2024\/05\/Isabell-12x12.png 12w\" sizes=\"(max-width: 260px) 100vw, 260px\" \/>\t\t\t\t\t\t\t\t\t\t\t\t\t\t\t<\/div>\n\t\t\t\t<div class=\"elementor-element elementor-element-83b0b94 elementor-widget elementor-widget-heading\" data-id=\"83b0b94\" data-element_type=\"widget\" data-e-type=\"widget\" data-widget_type=\"heading.default\">\n\t\t\t\t\t<div class=\"elementor-heading-title elementor-size-default\">Isabell<\/div>\t\t\t\t<\/div>\n\t\t\t\t<div class=\"elementor-element elementor-element-1d8b77a elementor-widget elementor-widget-heading\" data-id=\"1d8b77a\" data-element_type=\"widget\" data-e-type=\"widget\" data-widget_type=\"heading.default\">\n\t\t\t\t\t<div class=\"elementor-heading-title elementor-size-default\">Partner Success &amp; Marketing<\/div>\t\t\t\t<\/div>\n\t\t\t\t\t<\/div>\n\t\t\t\t<\/div>\n\t\t<div class=\"elementor-element elementor-element-9229cc1 e-flex e-con-boxed e-con e-child\" data-id=\"9229cc1\" data-element_type=\"container\" data-e-type=\"container\" data-settings=\"{&quot;background_background&quot;:&quot;classic&quot;}\">\n\t\t\t\t\t<div class=\"e-con-inner\">\n\t\t\t\t<div class=\"elementor-element elementor-element-eb93c78 elementor-widget elementor-widget-image\" data-id=\"eb93c78\" data-element_type=\"widget\" data-e-type=\"widget\" data-widget_type=\"image.default\">\n\t\t\t\t\t\t\t\t\t\t\t\t\t\t\t<img loading=\"lazy\" decoding=\"async\" width=\"520\" height=\"520\" src=\"https:\/\/wp-space.de\/wp-content\/uploads\/2024\/05\/Carlos.png\" class=\"attachment-large size-large wp-image-28540\" alt=\"\" srcset=\"https:\/\/wp-space.de\/wp-content\/uploads\/2024\/05\/Carlos.png 520w, https:\/\/wp-space.de\/wp-content\/uploads\/2024\/05\/Carlos-300x300.png 300w, https:\/\/wp-space.de\/wp-content\/uploads\/2024\/05\/Carlos-150x150.png 150w, https:\/\/wp-space.de\/wp-content\/uploads\/2024\/05\/Carlos-12x12.png 12w\" sizes=\"(max-width: 520px) 100vw, 520px\" \/>\t\t\t\t\t\t\t\t\t\t\t\t\t\t\t<\/div>\n\t\t\t\t<div class=\"elementor-element elementor-element-e2f9158 elementor-widget elementor-widget-heading\" data-id=\"e2f9158\" data-element_type=\"widget\" data-e-type=\"widget\" data-widget_type=\"heading.default\">\n\t\t\t\t\t<div class=\"elementor-heading-title elementor-size-default\">Carlos<\/div>\t\t\t\t<\/div>\n\t\t\t\t<div class=\"elementor-element elementor-element-fa2ac7e elementor-widget elementor-widget-heading\" data-id=\"fa2ac7e\" data-element_type=\"widget\" data-e-type=\"widget\" data-widget_type=\"heading.default\">\n\t\t\t\t\t<div class=\"elementor-heading-title elementor-size-default\">Security Manager<\/div>\t\t\t\t<\/div>\n\t\t\t\t\t<\/div>\n\t\t\t\t<\/div>\n\t\t<div class=\"elementor-element elementor-element-1312901 e-flex e-con-boxed e-con e-child\" data-id=\"1312901\" data-element_type=\"container\" data-e-type=\"container\" data-settings=\"{&quot;background_background&quot;:&quot;classic&quot;}\">\n\t\t\t\t\t<div class=\"e-con-inner\">\n\t\t\t\t<div class=\"elementor-element elementor-element-9f96ee0 elementor-widget elementor-widget-image\" data-id=\"9f96ee0\" data-element_type=\"widget\" data-e-type=\"widget\" data-widget_type=\"image.default\">\n\t\t\t\t\t\t\t\t\t\t\t\t\t\t\t<img loading=\"lazy\" decoding=\"async\" width=\"260\" height=\"260\" src=\"https:\/\/wp-space.de\/wp-content\/uploads\/2024\/05\/Monique.png\" class=\"attachment-large size-large wp-image-28533\" alt=\"\" srcset=\"https:\/\/wp-space.de\/wp-content\/uploads\/2024\/05\/Monique.png 260w, https:\/\/wp-space.de\/wp-content\/uploads\/2024\/05\/Monique-150x150.png 150w, https:\/\/wp-space.de\/wp-content\/uploads\/2024\/05\/Monique-12x12.png 12w\" sizes=\"(max-width: 260px) 100vw, 260px\" \/>\t\t\t\t\t\t\t\t\t\t\t\t\t\t\t<\/div>\n\t\t\t\t<div class=\"elementor-element elementor-element-080d210 elementor-widget elementor-widget-heading\" data-id=\"080d210\" data-element_type=\"widget\" data-e-type=\"widget\" data-widget_type=\"heading.default\">\n\t\t\t\t\t<div class=\"elementor-heading-title elementor-size-default\">Monique<\/div>\t\t\t\t<\/div>\n\t\t\t\t<div class=\"elementor-element elementor-element-a0925a6 elementor-widget elementor-widget-heading\" data-id=\"a0925a6\" data-element_type=\"widget\" data-e-type=\"widget\" data-widget_type=\"heading.default\">\n\t\t\t\t\t<div class=\"elementor-heading-title elementor-size-default\">Office Management<\/div>\t\t\t\t<\/div>\n\t\t\t\t\t<\/div>\n\t\t\t\t<\/div>\n\t\t<div class=\"elementor-element elementor-element-705aa3b e-flex e-con-boxed e-con e-child\" data-id=\"705aa3b\" data-element_type=\"container\" data-e-type=\"container\" data-settings=\"{&quot;background_background&quot;:&quot;classic&quot;}\">\n\t\t\t\t\t<div class=\"e-con-inner\">\n\t\t\t\t<div class=\"elementor-element elementor-element-cdd23e3 elementor-widget elementor-widget-image\" data-id=\"cdd23e3\" data-element_type=\"widget\" data-e-type=\"widget\" data-widget_type=\"image.default\">\n\t\t\t\t\t\t\t\t\t\t\t\t\t\t\t<img loading=\"lazy\" decoding=\"async\" width=\"260\" height=\"260\" src=\"https:\/\/wp-space.de\/wp-content\/uploads\/2024\/05\/Patrick.png\" class=\"attachment-large size-large wp-image-28534\" alt=\"\" srcset=\"https:\/\/wp-space.de\/wp-content\/uploads\/2024\/05\/Patrick.png 260w, https:\/\/wp-space.de\/wp-content\/uploads\/2024\/05\/Patrick-150x150.png 150w, https:\/\/wp-space.de\/wp-content\/uploads\/2024\/05\/Patrick-12x12.png 12w\" sizes=\"(max-width: 260px) 100vw, 260px\" \/>\t\t\t\t\t\t\t\t\t\t\t\t\t\t\t<\/div>\n\t\t\t\t<div class=\"elementor-element elementor-element-e375f8b elementor-widget elementor-widget-heading\" data-id=\"e375f8b\" data-element_type=\"widget\" data-e-type=\"widget\" data-widget_type=\"heading.default\">\n\t\t\t\t\t<div class=\"elementor-heading-title elementor-size-default\">Patrick<\/div>\t\t\t\t<\/div>\n\t\t\t\t<div class=\"elementor-element elementor-element-e200419 elementor-widget elementor-widget-heading\" data-id=\"e200419\" data-element_type=\"widget\" data-e-type=\"widget\" data-widget_type=\"heading.default\">\n\t\t\t\t\t<div class=\"elementor-heading-title elementor-size-default\">Marketing &amp; Digital Design<\/div>\t\t\t\t<\/div>\n\t\t\t\t\t<\/div>\n\t\t\t\t<\/div>\n\t\t<div class=\"elementor-element elementor-element-ccd5739 e-flex e-con-boxed e-con e-child\" data-id=\"ccd5739\" data-element_type=\"container\" data-e-type=\"container\" data-settings=\"{&quot;background_background&quot;:&quot;classic&quot;}\">\n\t\t\t\t\t<div class=\"e-con-inner\">\n\t\t\t\t<div class=\"elementor-element elementor-element-1e7586f elementor-widget elementor-widget-image\" data-id=\"1e7586f\" data-element_type=\"widget\" data-e-type=\"widget\" data-widget_type=\"image.default\">\n\t\t\t\t\t\t\t\t\t\t\t\t\t\t\t<img loading=\"lazy\" decoding=\"async\" width=\"150\" height=\"150\" src=\"https:\/\/wp-space.de\/wp-content\/uploads\/2025\/02\/pascal.png\" class=\"attachment-full size-full wp-image-43146\" alt=\"Pascal from WPspace\" srcset=\"https:\/\/wp-space.de\/wp-content\/uploads\/2025\/02\/pascal.png 150w, https:\/\/wp-space.de\/wp-content\/uploads\/2025\/02\/pascal-12x12.png 12w\" sizes=\"(max-width: 150px) 100vw, 150px\" \/>\t\t\t\t\t\t\t\t\t\t\t\t\t\t\t<\/div>\n\t\t\t\t<div class=\"elementor-element elementor-element-ae6a4e5 elementor-widget elementor-widget-heading\" data-id=\"ae6a4e5\" data-element_type=\"widget\" data-e-type=\"widget\" data-widget_type=\"heading.default\">\n\t\t\t\t\t<div class=\"elementor-heading-title elementor-size-default\">Pascal<\/div>\t\t\t\t<\/div>\n\t\t\t\t<div class=\"elementor-element elementor-element-d28e5bb elementor-widget elementor-widget-heading\" data-id=\"d28e5bb\" data-element_type=\"widget\" data-e-type=\"widget\" data-widget_type=\"heading.default\">\n\t\t\t\t\t<div class=\"elementor-heading-title elementor-size-default\">Support <br>Advisor<\/div>\t\t\t\t<\/div>\n\t\t\t\t\t<\/div>\n\t\t\t\t<\/div>\n\t\t<div class=\"elementor-element elementor-element-9c7a2b0 e-con-full e-flex e-con e-child\" data-id=\"9c7a2b0\" data-element_type=\"container\" data-e-type=\"container\" data-settings=\"{&quot;background_background&quot;:&quot;classic&quot;}\">\n\t\t\t\t<div class=\"elementor-element elementor-element-d54a051 elementor-widget elementor-widget-image\" data-id=\"d54a051\" data-element_type=\"widget\" data-e-type=\"widget\" data-widget_type=\"image.default\">\n\t\t\t\t\t\t\t\t\t\t\t\t\t\t\t<img loading=\"lazy\" decoding=\"async\" width=\"520\" height=\"520\" src=\"https:\/\/wp-space.de\/wp-content\/uploads\/2024\/05\/karriere.png\" class=\"attachment-large size-large wp-image-28541\" alt=\"\" srcset=\"https:\/\/wp-space.de\/wp-content\/uploads\/2024\/05\/karriere.png 520w, https:\/\/wp-space.de\/wp-content\/uploads\/2024\/05\/karriere-300x300.png 300w, https:\/\/wp-space.de\/wp-content\/uploads\/2024\/05\/karriere-150x150.png 150w, https:\/\/wp-space.de\/wp-content\/uploads\/2024\/05\/karriere-12x12.png 12w\" sizes=\"(max-width: 520px) 100vw, 520px\" \/>\t\t\t\t\t\t\t\t\t\t\t\t\t\t\t<\/div>\n\t\t\t\t<div class=\"elementor-element elementor-element-66b6991 elementor-widget elementor-widget-heading\" data-id=\"66b6991\" data-element_type=\"widget\" data-e-type=\"widget\" data-widget_type=\"heading.default\">\n\t\t\t\t\t<div class=\"elementor-heading-title elementor-size-default\">You too can become part of WPspace<\/div>\t\t\t\t<\/div>\n\t\t\t\t<div class=\"elementor-element elementor-element-9fc9345 elementor-widget elementor-widget-heading\" data-id=\"9fc9345\" data-element_type=\"widget\" data-e-type=\"widget\" data-widget_type=\"heading.default\">\n\t\t\t\t\t<div class=\"elementor-heading-title elementor-size-default\"><a href=\"https:\/\/wp-space.de\/en\/career\/\">Learn more <i class=\"fa-solid fa-angle-right\"><\/i><\/a><\/div>\t\t\t\t<\/div>\n\t\t\t\t<\/div>\n\t\t<div class=\"elementor-element elementor-element-d1b7752 e-con-full e-flex e-con e-child\" data-id=\"d1b7752\" data-element_type=\"container\" data-e-type=\"container\" data-settings=\"{&quot;background_background&quot;:&quot;classic&quot;}\">\n\t\t\t\t<\/div>\n\t\t\t\t\t<\/div>\n\t\t\t\t<\/div>\n\t\t\t\t<\/div>\n\t\t\t\t<\/div>","protected":false},"excerpt":{"rendered":"<p>Team Deine WordPress Experten Wir sind f\u00fcr dich da! Pers\u00f6nlich &#038; echt. Amir Leiter Systemadministration Axel Support Supervisor David Gr\u00fcnder &amp; Gesch\u00e4ftsf\u00fchrer Isabell Partner Success &amp; Marketing Carlos Security Manager Monique Office Management Patrick Marketing &amp; Digital Design Pascal Support Advisor Werde auch du Teil von WPspace Mehr erfahren<\/p>","protected":false},"author":1,"featured_media":0,"parent":0,"menu_order":0,"comment_status":"closed","ping_status":"closed","template":"","meta":{"inline_featured_image":false,"footnotes":""},"class_list":["post-28584","page","type-page","status-publish","hentry"],"_links":{"self":[{"href":"https:\/\/wp-space.de\/en\/wp-json\/wp\/v2\/pages\/28584","targetHints":{"allow":["GET"]}}],"collection":[{"href":"https:\/\/wp-space.de\/en\/wp-json\/wp\/v2\/pages"}],"about":[{"href":"https:\/\/wp-space.de\/en\/wp-json\/wp\/v2\/types\/page"}],"author":[{"embeddable":true,"href":"https:\/\/wp-space.de\/en\/wp-json\/wp\/v2\/users\/1"}],"replies":[{"embeddable":true,"href":"https:\/\/wp-space.de\/en\/wp-json\/wp\/v2\/comments?post=28584"}],"version-history":[{"count":7,"href":"https:\/\/wp-space.de\/en\/wp-json\/wp\/v2\/pages\/28584\/revisions"}],"predecessor-version":[{"id":56508,"href":"https:\/\/wp-space.de\/en\/wp-json\/wp\/v2\/pages\/28584\/revisions\/56508"}],"wp:attachment":[{"href":"https:\/\/wp-space.de\/en\/wp-json\/wp\/v2\/media?parent=28584"}],"curies":[{"name":"wp","href":"https:\/\/api.w.org\/{rel}","templated":true}]}}