{"id":26014,"date":"2024-03-11T16:42:26","date_gmt":"2024-03-11T15:42:26","guid":{"rendered":"https:\/\/wp-space.de\/?page_id=26014"},"modified":"2026-02-13T16:33:56","modified_gmt":"2026-02-13T15:33:56","slug":"why-wpspace","status":"publish","type":"page","link":"https:\/\/wp-space.de\/en\/why-wpspace\/","title":{"rendered":"Why WPspace?"},"content":{"rendered":"<div data-elementor-type=\"wp-page\" data-elementor-id=\"26014\" class=\"elementor elementor-26014\" data-elementor-post-type=\"page\">\n\t\t\t\t<div class=\"elementor-element elementor-element-2fa1db4 e-flex e-con-boxed e-con e-parent\" data-id=\"2fa1db4\" data-element_type=\"container\" data-e-type=\"container\" data-settings=\"{&quot;background_background&quot;:&quot;classic&quot;}\">\n\t\t\t\t\t<div class=\"e-con-inner\">\n\t\t\t\t<div class=\"elementor-element elementor-element-3325117 elementor-widget__width-initial elementor-widget elementor-widget-heading\" data-id=\"3325117\" data-element_type=\"widget\" data-e-type=\"widget\" data-widget_type=\"heading.default\">\n\t\t\t\t\t<h1 class=\"elementor-heading-title elementor-size-default\">7 reasons why you'll love WPspace.<\/h1>\t\t\t\t<\/div>\n\t\t<div class=\"elementor-element elementor-element-f8e36bd e-con-full e-flex e-con e-child\" data-id=\"f8e36bd\" data-element_type=\"container\" data-e-type=\"container\" data-settings=\"{&quot;background_background&quot;:&quot;classic&quot;}\">\n\t\t\t\t<div class=\"elementor-element elementor-element-7e65ac0 elementor-widget__width-initial elementor-widget elementor-widget-image-box\" data-id=\"7e65ac0\" data-element_type=\"widget\" data-e-type=\"widget\" data-widget_type=\"image-box.default\">\n\t\t\t\t\t<div class=\"elementor-image-box-wrapper\"><div class=\"elementor-image-box-content\"><h2 class=\"elementor-image-box-title\"><span class=\"highlight2\">More power.<\/span><\/br> Less loading time.<\/h2><p class=\"elementor-image-box-description\">Our servers are specially optimized for the requirements of fast WordPress. Paired with our lightning-fast NVMe SSDs and a web server optimized for the highest requirements, your website will achieve top speeds when you switch to WPspace. And if there's still something wrong with your loading time, you can rely on our PageSpeed experts.<\/p><\/div><\/div>\t\t\t\t<\/div>\n\t\t\t\t<div class=\"elementor-element elementor-element-2968e55 elementor-widget elementor-widget-image\" data-id=\"2968e55\" data-element_type=\"widget\" data-e-type=\"widget\" data-widget_type=\"image.default\">\n\t\t\t\t\t\t\t\t\t\t\t\t\t\t\t<img fetchpriority=\"high\" decoding=\"async\" width=\"800\" height=\"695\" src=\"https:\/\/wp-space.de\/wp-content\/uploads\/2025\/05\/Performance.svg\" class=\"attachment-large size-large wp-image-47955\" alt=\"Performance at WPspace\" \/>\t\t\t\t\t\t\t\t\t\t\t\t\t\t\t<\/div>\n\t\t\t\t<\/div>\n\t\t<div class=\"elementor-element elementor-element-76e27f4 e-con-full e-flex e-con e-child\" data-id=\"76e27f4\" data-element_type=\"container\" data-e-type=\"container\">\n\t\t\t\t<div class=\"elementor-element elementor-element-0bfc1a6 elementor-widget elementor-widget-image-box\" data-id=\"0bfc1a6\" data-element_type=\"widget\" data-e-type=\"widget\" data-widget_type=\"image-box.default\">\n\t\t\t\t\t<div class=\"elementor-image-box-wrapper\"><div class=\"elementor-image-box-content\"><h2 class=\"elementor-image-box-title\">Genuine service<\/br> from real experts<\/h2><p class=\"elementor-image-box-description\">Ready for probably the most personalized support you've ever experienced? We're only satisfied when you are. Here you talk to real WordPress experts instead of bad AI bots. We don't outsource anything to external call centers and put our heart and soul into supporting you with all your questions - from hosting and your WordPress website to plugin recommendations and more.<\/p><\/div><\/div>\t\t\t\t<\/div>\n\t\t\t\t<div class=\"elementor-element elementor-element-91cd3fa elementor-widget elementor-widget-image\" data-id=\"91cd3fa\" data-element_type=\"widget\" data-e-type=\"widget\" data-widget_type=\"image.default\">\n\t\t\t\t\t\t\t\t\t\t\t\t\t\t\t<img decoding=\"async\" width=\"800\" height=\"550\" src=\"https:\/\/wp-space.de\/wp-content\/uploads\/2026\/02\/SupportTeam-wpspace.png\" class=\"attachment-large size-large wp-image-56543\" alt=\"\" srcset=\"https:\/\/wp-space.de\/wp-content\/uploads\/2026\/02\/SupportTeam-wpspace.png 974w, https:\/\/wp-space.de\/wp-content\/uploads\/2026\/02\/SupportTeam-wpspace-300x206.png 300w, https:\/\/wp-space.de\/wp-content\/uploads\/2026\/02\/SupportTeam-wpspace-768x528.png 768w, https:\/\/wp-space.de\/wp-content\/uploads\/2026\/02\/SupportTeam-wpspace-18x12.png 18w\" sizes=\"(max-width: 800px) 100vw, 800px\" \/>\t\t\t\t\t\t\t\t\t\t\t\t\t\t\t<\/div>\n\t\t\t\t<\/div>\n\t\t<div class=\"elementor-element elementor-element-c26f50d e-con-full e-flex e-con e-child\" data-id=\"c26f50d\" data-element_type=\"container\" data-e-type=\"container\" data-settings=\"{&quot;background_background&quot;:&quot;classic&quot;}\">\n\t\t\t\t<div class=\"elementor-element elementor-element-42591e2 elementor-position-top elementor-widget elementor-widget-image-box\" data-id=\"42591e2\" data-element_type=\"widget\" data-e-type=\"widget\" data-widget_type=\"image-box.default\">\n\t\t\t\t\t<div class=\"elementor-image-box-wrapper\"><figure class=\"elementor-image-box-img\"><img decoding=\"async\" width=\"116\" height=\"116\" src=\"https:\/\/wp-space.de\/wp-content\/uploads\/2025\/03\/dsgvo.png\" class=\"attachment-full size-full wp-image-46229\" alt=\"DSGVO graphic\" srcset=\"https:\/\/wp-space.de\/wp-content\/uploads\/2025\/03\/dsgvo.png 116w, https:\/\/wp-space.de\/wp-content\/uploads\/2025\/03\/dsgvo-12x12.png 12w\" sizes=\"(max-width: 116px) 100vw, 116px\" \/><\/figure><div class=\"elementor-image-box-content\"><h3 class=\"elementor-image-box-title\">GDPR-compliant.<\/h3><p class=\"elementor-image-box-description\">Managed WordPress hosting - Made in Germany. Operate your website securely according to German data protection standards in a DIN ISO\/IEC 27001-certified data center. Company &amp; server location in Germany. Conclude the DPA with us easily, directly via our dashboard.<\/p><\/div><\/div>\t\t\t\t<\/div>\n\t\t\t\t<\/div>\n\t\t<div class=\"elementor-element elementor-element-a5e325c e-con-full e-flex e-con e-child\" data-id=\"a5e325c\" data-element_type=\"container\" data-e-type=\"container\" data-settings=\"{&quot;background_background&quot;:&quot;classic&quot;}\">\n\t\t\t\t<div class=\"elementor-element elementor-element-e37ddc3 elementor-position-top elementor-widget elementor-widget-image-box\" data-id=\"e37ddc3\" data-element_type=\"widget\" data-e-type=\"widget\" data-widget_type=\"image-box.default\">\n\t\t\t\t\t<div class=\"elementor-image-box-wrapper\"><figure class=\"elementor-image-box-img\"><img loading=\"lazy\" decoding=\"async\" width=\"400\" height=\"100\" src=\"https:\/\/wp-space.de\/wp-content\/uploads\/2025\/05\/hosttest.de_.svg\" class=\"attachment-full size-full wp-image-47965\" alt=\"Star rating\" \/><\/figure><div class=\"elementor-image-box-content\"><h3 class=\"elementor-image-box-title\"> Best hoster 2025<\/h3><p class=\"elementor-image-box-description\">Treat your website to something good - really good WordPress hosting from the web host of the year 2024.<\/p><\/div><\/div>\t\t\t\t<\/div>\n\t\t\t\t<\/div>\n\t\t<div class=\"elementor-element elementor-element-663788d e-con-full e-flex e-con e-child\" data-id=\"663788d\" data-element_type=\"container\" data-e-type=\"container\">\n\t\t\t\t<div class=\"elementor-element elementor-element-6cb176f elementor-widget elementor-widget-image-box\" data-id=\"6cb176f\" data-element_type=\"widget\" data-e-type=\"widget\" data-widget_type=\"image-box.default\">\n\t\t\t\t\t<div class=\"elementor-image-box-wrapper\"><div class=\"elementor-image-box-content\"><h3 class=\"elementor-image-box-title\">We haul <\/br>the boxes for you.<\/h3><p class=\"elementor-image-box-description\">Sit back and relax. We'll take care of the technical stuff for you by moving your website to WPspace free of charge and then making sure that everything works properly. Changing providers couldn't be more stress-free.<\/p><\/div><\/div>\t\t\t\t<\/div>\n\t\t\t\t<div class=\"elementor-element elementor-element-ff07c51 elementor-widget elementor-widget-image\" data-id=\"ff07c51\" data-element_type=\"widget\" data-e-type=\"widget\" data-widget_type=\"image.default\">\n\t\t\t\t\t\t\t\t\t\t\t\t\t\t\t<img loading=\"lazy\" decoding=\"async\" width=\"800\" height=\"218\" src=\"https:\/\/wp-space.de\/wp-content\/uploads\/2025\/05\/migration-1024x279.jpg\" class=\"attachment-large size-large wp-image-47979\" alt=\"WordPress migration graphic\" srcset=\"https:\/\/wp-space.de\/wp-content\/uploads\/2025\/05\/migration-1024x279.jpg 1024w, https:\/\/wp-space.de\/wp-content\/uploads\/2025\/05\/migration-300x82.jpg 300w, https:\/\/wp-space.de\/wp-content\/uploads\/2025\/05\/migration-768x209.jpg 768w, https:\/\/wp-space.de\/wp-content\/uploads\/2025\/05\/migration-18x5.jpg 18w, https:\/\/wp-space.de\/wp-content\/uploads\/2025\/05\/migration.jpg 1448w\" sizes=\"(max-width: 800px) 100vw, 800px\" \/>\t\t\t\t\t\t\t\t\t\t\t\t\t\t\t<\/div>\n\t\t\t\t<\/div>\n\t\t<div class=\"elementor-element elementor-element-7e51da5 e-con-full e-flex e-con e-child\" data-id=\"7e51da5\" data-element_type=\"container\" data-e-type=\"container\">\n\t\t\t\t<div class=\"elementor-element elementor-element-a3c43ae elementor-widget elementor-widget-image-box\" data-id=\"a3c43ae\" data-element_type=\"widget\" data-e-type=\"widget\" data-widget_type=\"image-box.default\">\n\t\t\t\t\t<div class=\"elementor-image-box-wrapper\"><div class=\"elementor-image-box-content\"><h3 class=\"elementor-image-box-title\">WP Rocket <\/b>you can save yourself. \ud83d\ude80<\/h3><p class=\"elementor-image-box-description\">WP Rocket is one of the most popular WordPress caching plugins. We're giving you AccelerateWP (AWP) for free. It is based on WP Rocket and has been specially developed and optimized for our infrastructure - achieve even faster loading times and save money at the same time!<\/p><\/div><\/div>\t\t\t\t<\/div>\n\t\t\t\t<div class=\"elementor-element elementor-element-6ef17d6 elementor-widget elementor-widget-image\" data-id=\"6ef17d6\" data-element_type=\"widget\" data-e-type=\"widget\" data-widget_type=\"image.default\">\n\t\t\t\t\t\t\t\t\t\t\t\t\t\t\t<img loading=\"lazy\" decoding=\"async\" width=\"800\" height=\"217\" src=\"https:\/\/wp-space.de\/wp-content\/uploads\/2025\/05\/awp-1.svg\" class=\"attachment-large size-large wp-image-47997\" alt=\"Optimized performance website\" \/>\t\t\t\t\t\t\t\t\t\t\t\t\t\t\t<\/div>\n\t\t\t\t<\/div>\n\t\t<div class=\"elementor-element elementor-element-05a59c3 e-con-full e-flex e-con e-child\" data-id=\"05a59c3\" data-element_type=\"container\" data-e-type=\"container\" data-settings=\"{&quot;background_background&quot;:&quot;classic&quot;}\">\n\t\t\t\t<div class=\"elementor-element elementor-element-bb8db58 elementor-widget elementor-widget-image-box\" data-id=\"bb8db58\" data-element_type=\"widget\" data-e-type=\"widget\" data-widget_type=\"image-box.default\">\n\t\t\t\t\t<div class=\"elementor-image-box-wrapper\"><div class=\"elementor-image-box-content\"><h3 class=\"elementor-image-box-title\">Dedicated <\/br>Server resources<\/h3><p class=\"elementor-image-box-description\">Unlike with many mass hosts, you don't share the resources you book with other customers at WPspace. CPU &amp; RAM are exclusively available to you and the loading time cannot be negatively influenced by other customers - achieve lightning-fast loading times like on a dedicated server without noisy neighbor effect.<\/p><\/div><\/div>\t\t\t\t<\/div>\n\t\t\t\t<\/div>\n\t\t\t\t<div class=\"elementor-element elementor-element-753e2d9 elementor-widget__width-initial elementor-widget elementor-widget-image-box\" data-id=\"753e2d9\" data-element_type=\"widget\" data-e-type=\"widget\" data-widget_type=\"image-box.default\">\n\t\t\t\t\t<div class=\"elementor-image-box-wrapper\"><div class=\"elementor-image-box-content\"><h2 class=\"elementor-image-box-title\">See for yourself. <\/br>Free of charge &amp; without obligation.<\/h2><p class=\"elementor-image-box-description\">Test our lightning-fast WordPress hosting for free. Or get personal advice from our WordPress experts.<\/p><\/div><\/div>\t\t\t\t<\/div>\n\t\t<div class=\"elementor-element elementor-element-ecfea7f e-con-full e-flex e-con e-child\" data-id=\"ecfea7f\" data-element_type=\"container\" data-e-type=\"container\">\n\t\t\t\t<div class=\"elementor-element elementor-element-d2e5a2e elementor-mobile-align-justify elementor-align-justify elementor-widget-mobile__width-inherit elementor-widget elementor-widget-button\" data-id=\"d2e5a2e\" data-element_type=\"widget\" data-e-type=\"widget\" data-widget_type=\"button.default\">\n\t\t\t\t\t\t\t\t\t\t<a class=\"elementor-button elementor-button-link elementor-size-sm\" href=\"https:\/\/wp-space.de\/en\/registration\/\">\n\t\t\t\t\t\t<span class=\"elementor-button-content-wrapper\">\n\t\t\t\t\t\t<span class=\"elementor-button-icon\">\n\t\t\t\t<svg aria-hidden=\"true\" class=\"e-font-icon-svg e-fas-chevron-right\" viewbox=\"0 0 320 512\" xmlns=\"http:\/\/www.w3.org\/2000\/svg\"><path d=\"M285.476 272.971L91.132 467.314c-9.373 9.373-24.569 9.373-33.941 0l-22.667-22.667c-9.357-9.357-9.375-24.522-.04-33.901L188.505 256 34.484 101.255c-9.335-9.379-9.317-24.544.04-33.901l22.667-22.667c9.373-9.373 24.569-9.373 33.941 0L285.475 239.03c9.373 9.372 9.373 24.568.001 33.941z\"><\/path><\/svg>\t\t\t<\/span>\n\t\t\t\t\t\t\t\t\t<span class=\"elementor-button-text\">Test 14 days free of charge<\/span>\n\t\t\t\t\t<\/span>\n\t\t\t\t\t<\/a>\n\t\t\t\t\t\t\t\t<\/div>\n\t\t\t\t<div class=\"elementor-element elementor-element-7cb5f0f elementor-mobile-align-justify elementor-widget-mobile__width-inherit elementor-widget elementor-widget-button\" data-id=\"7cb5f0f\" data-element_type=\"widget\" data-e-type=\"widget\" data-widget_type=\"button.default\">\n\t\t\t\t\t\t\t\t\t\t<a class=\"elementor-button elementor-button-link elementor-size-sm\" href=\"#elementor-action%3Aaction%3Dpopup%3Aopen%26settings%3DeyJpZCI6IjQ2NzY3IiwidG9nZ2xlIjpmYWxzZX0%3D\">\n\t\t\t\t\t\t<span class=\"elementor-button-content-wrapper\">\n\t\t\t\t\t\t\t\t\t<span class=\"elementor-button-text\">Get advice<\/span>\n\t\t\t\t\t<\/span>\n\t\t\t\t\t<\/a>\n\t\t\t\t\t\t\t\t<\/div>\n\t\t\t\t<\/div>\n\t\t\t\t\t<\/div>\n\t\t\t\t<\/div>\n\t\t\t\t<\/div>","protected":false},"excerpt":{"rendered":"<p>7 Gr\u00fcnde, weshalb du WPspace lieben wirst. Mehr Power. Weniger Ladezeit. Unsere Server sind speziell f\u00fcr die Anforderungen von schnellem WordPress optimiert. Gepaart mit unseren blitzschnellen NVMe SSDs und einem f\u00fcr h\u00f6chste Anforderungen optimierten Webserver erreicht Deine Website beim Wechsel zu WPspace High-Speed-Spitzenwerte. Und sollte doch noch etwas mit Deiner Ladezeit nicht stimmen, kannst du [&hellip;]<\/p>\n","protected":false},"author":1,"featured_media":0,"parent":0,"menu_order":0,"comment_status":"closed","ping_status":"closed","template":"","meta":{"inline_featured_image":false,"footnotes":""},"class_list":["post-26014","page","type-page","status-publish","hentry"],"_links":{"self":[{"href":"https:\/\/wp-space.de\/en\/wp-json\/wp\/v2\/pages\/26014","targetHints":{"allow":["GET"]}}],"collection":[{"href":"https:\/\/wp-space.de\/en\/wp-json\/wp\/v2\/pages"}],"about":[{"href":"https:\/\/wp-space.de\/en\/wp-json\/wp\/v2\/types\/page"}],"author":[{"embeddable":true,"href":"https:\/\/wp-space.de\/en\/wp-json\/wp\/v2\/users\/1"}],"replies":[{"embeddable":true,"href":"https:\/\/wp-space.de\/en\/wp-json\/wp\/v2\/comments?post=26014"}],"version-history":[{"count":48,"href":"https:\/\/wp-space.de\/en\/wp-json\/wp\/v2\/pages\/26014\/revisions"}],"predecessor-version":[{"id":56555,"href":"https:\/\/wp-space.de\/en\/wp-json\/wp\/v2\/pages\/26014\/revisions\/56555"}],"wp:attachment":[{"href":"https:\/\/wp-space.de\/en\/wp-json\/wp\/v2\/media?parent=26014"}],"curies":[{"name":"wp","href":"https:\/\/api.w.org\/{rel}","templated":true}]}}