{"id":13823,"date":"2023-01-12T16:08:59","date_gmt":"2023-01-12T16:08:59","guid":{"rendered":"https:\/\/wp-space.de\/?page_id=13823"},"modified":"2025-06-23T09:38:32","modified_gmt":"2025-06-23T08:38:32","slug":"performance-evaluation-of-your-website","status":"publish","type":"page","link":"https:\/\/wp-space.de\/en\/performance-evaluation-of-your-website\/","title":{"rendered":"Performance evaluation of your website."},"content":{"rendered":"\t\t<div data-elementor-type=\"wp-page\" data-elementor-id=\"13823\" class=\"elementor elementor-13823\" data-elementor-post-type=\"page\">\n\t\t\t\t<div class=\"elementor-element elementor-element-2c16580 e-con-full e-flex e-con e-parent\" data-id=\"2c16580\" data-element_type=\"container\" data-e-type=\"container\" data-settings=\"{&quot;background_background&quot;:&quot;classic&quot;}\">\n\t\t<div class=\"elementor-element elementor-element-e47e238 e-flex e-con-boxed e-con e-child\" data-id=\"e47e238\" data-element_type=\"container\" data-e-type=\"container\">\n\t\t\t\t\t<div class=\"e-con-inner\">\n\t\t\t\t<div class=\"elementor-element elementor-element-e507845 elementor-widget elementor-widget-heading\" data-id=\"e507845\" data-element_type=\"widget\" data-e-type=\"widget\" data-widget_type=\"heading.default\">\n\t\t\t\t\t<div class=\"elementor-heading-title elementor-size-default\">Wir unterst\u00fctzen dich!<\/div>\t\t\t\t<\/div>\n\t\t\t\t<div class=\"elementor-element elementor-element-992c673 elementor-widget elementor-widget-heading\" data-id=\"992c673\" data-element_type=\"widget\" data-e-type=\"widget\" data-widget_type=\"heading.default\">\n\t\t\t\t\t<h1 class=\"elementor-heading-title elementor-size-default\">Performanceanalyse deiner Website<\/h1>\t\t\t\t<\/div>\n\t\t\t\t<div class=\"elementor-element elementor-element-47631c7 elementor-widget elementor-widget-text-editor\" data-id=\"47631c7\" data-element_type=\"widget\" data-e-type=\"widget\" data-widget_type=\"text-editor.default\">\n\t\t\t\t\t\t\t\t\t<p>Dir sind Einbu\u00dfen deiner Performance aufgefallen? Dann f\u00fclle das folgende Formular aus, damit sich ein Experte aus unserem Team das genauer anschauen kann!<\/p>\t\t\t\t\t\t\t\t<\/div>\n\t\t\t\t\t<\/div>\n\t\t\t\t<\/div>\n\t\t\t\t<\/div>\n\t\t<div class=\"elementor-element elementor-element-ce5e225 e-flex e-con-boxed e-con e-parent\" data-id=\"ce5e225\" data-element_type=\"container\" data-e-type=\"container\" data-settings=\"{&quot;background_background&quot;:&quot;classic&quot;}\">\n\t\t\t\t\t<div class=\"e-con-inner\">\n\t\t\t\t<div class=\"elementor-element elementor-element-3c57d57 elementor-widget elementor-widget-formidable\" data-id=\"3c57d57\" data-element_type=\"widget\" data-e-type=\"widget\" data-widget_type=\"formidable.default\">\n\t\t\t\t<div class=\"elementor-widget-container\">\n\t\t\t\t\t<div class=\"frm_forms  with_frm_style frm_style_onboarding\" id=\"frm_form_7_container\" data-token=\"bb356567c1f996304f21d2eb02a2a20b\">\n<form enctype=\"multipart\/form-data\" method=\"post\" class=\"frm-show-form  frm_pro_form \" id=\"form_performance-auswertung-deiner-website\" data-token=\"bb356567c1f996304f21d2eb02a2a20b\">\n<div class=\"frm_form_fields \">\n<fieldset>\n<legend class=\"frm_screen_reader\">Performance-Auswertung deiner Website<\/legend>\r\n\r\n<div class=\"frm_fields_container\">\n<input type=\"hidden\" name=\"frm_action\" value=\"create\" \/>\n<input type=\"hidden\" name=\"form_id\" value=\"7\" \/>\n<input type=\"hidden\" name=\"frm_hide_fields_7\" id=\"frm_hide_fields_7\" value=\"\" \/>\n<input type=\"hidden\" name=\"form_key\" value=\"performance-auswertung-deiner-website\" \/>\n<input type=\"hidden\" name=\"item_meta[0]\" value=\"\" \/>\n<input type=\"hidden\" id=\"frm_submit_entry_7\" name=\"frm_submit_entry_7\" value=\"dd549f52b6\" \/><input type=\"hidden\" name=\"_wp_http_referer\" value=\"\/en\/wp-json\/wp\/v2\/pages\/13823\" \/><div id=\"frm_field_59_container\" class=\"frm_form_field frm_section_heading form-field \">\r\n<h3 class=\"frm_pos_top frm_section_spacing\">Deine Kontaktdaten<\/h3>\r\n\r\n\r\n<div id=\"frm_field_46_container\" class=\"frm_form_field form-field  frm_required_field frm_top_container frm12 frm_first\">\r\n    <label for=\"field_qh4icy2\" id=\"field_qh4icy2_label\" class=\"frm_primary_label\">Dein vollst\u00e4ndiger Name\r\n        <span class=\"frm_required\" aria-hidden=\"true\">*<\/span>\r\n    <\/label>\r\n    <input  type=\"text\" id=\"field_qh4icy2\" name=\"item_meta[46]\" value=\"\"  data-sectionid=\"59\"  data-reqmsg=\"Dieses Feld darf nicht leer sein.\" aria-required=\"true\" data-invmsg=\"Name ist ung\u00fcltig\" aria-invalid=\"false\"   \/>\r\n    \r\n    \r\n<\/div>\n<div id=\"frm_field_48_container\" class=\"frm_form_field form-field  frm_required_field frm_top_container frm_full\">\r\n    <label for=\"field_29yf4d2\" id=\"field_29yf4d2_label\" class=\"frm_primary_label\">Deine E-Mail-Adresse\r\n        <span class=\"frm_required\" aria-hidden=\"true\">*<\/span>\r\n    <\/label>\r\n    <input type=\"email\" id=\"field_29yf4d2\" name=\"item_meta[48]\" value=\"\"  data-sectionid=\"59\"  placeholder=\"info@deinedomain.de\" data-reqmsg=\"Dieses Feld darf nicht leer sein.\" aria-required=\"true\" data-invmsg=\"Please enter a valid email address\" aria-invalid=\"false\"  \/>\r\n    \r\n    \r\n<\/div>\n<\/div>\n<div id=\"frm_field_61_container\" class=\"frm_form_field frm_section_heading form-field \">\r\n<h3 class=\"frm_pos_top frm_section_spacing\">Deine Website<\/h3>\r\n\r\n\r\n<div id=\"frm_field_51_container\" class=\"frm_form_field form-field  frm_required_field frm_top_container\">\r\n    <label for=\"field_npwiy\" id=\"field_npwiy_label\" class=\"frm_primary_label\">Die Performance welcher Website sollen wir pr\u00fcfen? Falls besondere Unterseiten betroffen sind, gib diese bitte in den n\u00e4chsten Feldern an.\r\n        <span class=\"frm_required\" aria-hidden=\"true\">*<\/span>\r\n    <\/label>\r\n    <input type=\"url\" id=\"field_npwiy\" name=\"item_meta[51]\" value=\"\"  data-sectionid=\"61\"  placeholder=\"https:\/\/deinedomain.de\" data-reqmsg=\"Dieses Feld darf nicht leer sein.\" aria-required=\"true\" data-invmsg=\"Website\/URL ist ung\u00fcltig\" aria-invalid=\"false\"  \/>\r\n    \r\n    \r\n<\/div>\n<div id=\"frm_field_53_container\" class=\"frm_form_field form-field  frm_top_container\">\r\n    <label for=\"field_7gl8l\" id=\"field_7gl8l_label\" class=\"frm_primary_label\">Link zu betroffener Unterseite 1\r\n        <span class=\"frm_required\" aria-hidden=\"true\"><\/span>\r\n    <\/label>\r\n    <input type=\"url\" id=\"field_7gl8l\" name=\"item_meta[53]\" value=\"\"  data-sectionid=\"61\"  placeholder=\"https:\/\/deinedomain.de\/unterseite-1\" data-invmsg=\"Website\/URL ist ung\u00fcltig\" aria-invalid=\"false\"  \/>\r\n    \r\n    \r\n<\/div>\n<div id=\"frm_field_52_container\" class=\"frm_form_field form-field  frm_top_container\">\r\n    <label for=\"field_9n9mw\" id=\"field_9n9mw_label\" class=\"frm_primary_label\">Link zu betroffener Unterseite 2\r\n        <span class=\"frm_required\" aria-hidden=\"true\"><\/span>\r\n    <\/label>\r\n    <input type=\"url\" id=\"field_9n9mw\" name=\"item_meta[52]\" value=\"\"  data-sectionid=\"61\"  placeholder=\"https:\/\/deinedomain.de\/unterseite-2\" data-invmsg=\"Website\/URL ist ung\u00fcltig\" aria-invalid=\"false\"  \/>\r\n    \r\n    \r\n<\/div>\n<\/div>\n<div id=\"frm_field_65_container\" class=\"frm_form_field frm_section_heading form-field  frm12 frm_first\">\r\n<h3 class=\"frm_pos_top frm_section_spacing\">Infos zu deinem Anliegen<\/h3>\r\n\r\n\r\n<div id=\"frm_field_57_container\" class=\"frm_form_field form-field  frm_required_field frm_top_container frm12 frm_first frm_two_col\">\r\n    <div  id=\"field_6n2ub_label\" class=\"frm_primary_label\">Wo besteht das Problem?\r\n        <span class=\"frm_required\" aria-hidden=\"true\">*<\/span>\r\n    <\/div>\r\n    <div class=\"frm_opt_container\" aria-labelledby=\"field_6n2ub_label\" role=\"group\">\t\t<div class=\"frm_checkbox\" id=\"frm_checkbox_57-65-0\">\t\t\t<label  for=\"field_6n2ub-0\">\n\t\t\t<input type=\"checkbox\" name=\"item_meta[57][]\" id=\"field_6n2ub-0\" value=\"Frontend (auf der Livewebsite)\"  data-sectionid=\"65\"  data-reqmsg=\"Dieses Feld darf nicht leer sein.\" data-invmsg=\"Wo besteht das Problem? is invalid\"   aria-required=\"true\"  \/> Frontend (auf der Livewebsite)<\/label><\/div>\n\t\t<div class=\"frm_checkbox\" id=\"frm_checkbox_57-65-1\">\t\t\t<label  for=\"field_6n2ub-1\">\n\t\t\t<input type=\"checkbox\" name=\"item_meta[57][]\" id=\"field_6n2ub-1\" value=\"Backend (im WordPress Dashboard)\"  data-sectionid=\"65\"  data-reqmsg=\"Dieses Feld darf nicht leer sein.\" data-invmsg=\"Wo besteht das Problem? is invalid\"   \/> Backend (im WordPress Dashboard)<\/label><\/div>\n<\/div>\r\n    \r\n    \r\n<\/div>\n<div id=\"frm_field_54_container\" class=\"frm_form_field form-field  frm_required_field frm_top_container frm6 frm_first\">\r\n    <label for=\"field_wiqgu\" id=\"field_wiqgu_label\" class=\"frm_primary_label\">Wann ist dir das Problem zum ersten Mal aufgefallen?\r\n        <span class=\"frm_required\" aria-hidden=\"true\">*<\/span>\r\n    <\/label>\r\n    <input  type=\"text\" id=\"field_wiqgu\" name=\"item_meta[54]\" value=\"\"  data-sectionid=\"65\"  placeholder=\"Umso genauer die Angabe, umso besser.\" data-reqmsg=\"Dieses Feld darf nicht leer sein.\" aria-required=\"true\" data-invmsg=\"Text ist ung\u00fcltig\" aria-invalid=\"false\"   \/>\r\n    \r\n    \r\n<\/div>\n<div id=\"frm_field_55_container\" class=\"frm_form_field form-field  frm_required_field frm_top_container frm6\">\r\n    <label for=\"field_4wm69\" id=\"field_4wm69_label\" class=\"frm_primary_label\">Besteht das Problem weiterhin? Wenn nein, wann ist es dir das letzte Mal aufgefallen?\r\n        <span class=\"frm_required\" aria-hidden=\"true\">*<\/span>\r\n    <\/label>\r\n    <input  type=\"text\" id=\"field_4wm69\" name=\"item_meta[55]\" value=\"\"  placeholder=\"Umso genauer die Angabe, umso besser.\" data-reqmsg=\"Dieses Feld darf nicht leer sein.\" aria-required=\"true\" data-invmsg=\"Text ist ung\u00fcltig\" aria-invalid=\"false\"   \/>\r\n    \r\n    \r\n<\/div>\n<div id=\"frm_field_56_container\" class=\"frm_form_field form-field  frm_required_field frm_top_container\">\r\n    <label for=\"field_sv1tf\" id=\"field_sv1tf_label\" class=\"frm_primary_label\">Welche Probleme sind dir aufgefallen? \r\n        <span class=\"frm_required\" aria-hidden=\"true\">*<\/span>\r\n    <\/label>\r\n    <textarea name=\"item_meta[56]\" id=\"field_sv1tf\" rows=\"5\"  data-sectionid=\"65\"  placeholder=\"Beschreibe die wichtigsten Punkte, die dir aufgefallen sind, und teile uns mit, wie wir die Probleme nachstellen k\u00f6nnen.\" data-reqmsg=\"Dieses Feld darf nicht leer sein.\" aria-required=\"true\" data-invmsg=\"Welche Probleme sind dir aufgefallen?  ist ung\u00fcltig\" aria-invalid=\"false\"  ><\/textarea>\r\n    \r\n    \r\n<\/div>\n<div id=\"frm_field_58_container\" class=\"frm_form_field form-field  frm_required_field frm_top_container\">\r\n    <label for=\"field_b1u3w\" id=\"field_b1u3w_label\" class=\"frm_primary_label\">Wurden \u00c4nderungen an der Website vorgenommen? \r\n        <span class=\"frm_required\" aria-hidden=\"true\">*<\/span>\r\n    <\/label>\r\n    <input  type=\"text\" id=\"field_b1u3w\" name=\"item_meta[58]\" value=\"\"  data-sectionid=\"65\"  placeholder=\"Informiere uns bitte \u00fcber alle \u00c4nderungen, Updates von Plugins, Themes oder WordPress-Core sowie die Verwendung von neuen Plugins oder Themes.\" data-reqmsg=\"Dieses Feld darf nicht leer sein.\" aria-required=\"true\" data-invmsg=\"Text ist ung\u00fcltig\" aria-invalid=\"false\"   \/>\r\n    \r\n    \r\n<\/div>\n<div id=\"frm_field_50_container\" class=\"frm_form_field form-field  frm_required_field frm_top_container frm_full\">\r\n    <label for=\"field_9jv0r12\" id=\"field_9jv0r12_label\" class=\"frm_primary_label\">Hast du weitere Infos f\u00fcr uns? Ist dir noch etwas besonderes aufgefallen?\r\n        <span class=\"frm_required\" aria-hidden=\"true\">*<\/span>\r\n    <\/label>\r\n    <textarea name=\"item_meta[50]\" id=\"field_9jv0r12\" rows=\"5\"  data-sectionid=\"65\"  placeholder=\"Hier kannst du alle weiteren Infos erg\u00e4nzen, die f\u00fcr uns spannend sein k\u00f6nnten. Du kannst uns auch Screenshots von Fehlermeldungen oder \u00e4hnlichem per Mail an support@wpspace.de mit Hinweis auf dieses Formular erg\u00e4nzend zukommen lassen.\" data-reqmsg=\"Dieses Feld darf nicht leer sein.\" aria-required=\"true\" data-invmsg=\"Message ist ung\u00fcltig\" aria-invalid=\"false\"  ><\/textarea>\r\n    \r\n    \r\n<\/div>\n<\/div>\n<div id=\"frm_field_864_container\" class=\"frm_form_field form-field \">\n\t<div class=\"frm_submit\">\r\n\r\n<button class=\"frm_button_submit frm_final_submit\" type=\"submit\"   formnovalidate=\"formnovalidate\">Anfrage abschicken<\/button>\r\n\r\n<\/div>\n<\/div>\n\t<input type=\"hidden\" name=\"item_key\" value=\"\" \/>\n\t\t\t<div id=\"frm_field_1021_container\">\n\t\t\t<label for=\"field_7ss1s\" >\n\t\t\t\tIf you are human, leave this field blank.\t\t\t<\/label>\n\t\t\t<input  id=\"field_7ss1s\" type=\"text\" class=\"frm_form_field form-field frm_verify\" name=\"item_meta[1021]\" value=\"\"  \/>\n\t\t<\/div>\n\t\t<input name=\"frm_state\" type=\"hidden\" value=\"Qpb6gOm03hKEDrfeIIS6iP29vcCj4Dn0HHek265DQo4jpVp+ye1VQTT\/V2uHfEWp\" \/><\/div>\n<\/fieldset>\n<\/div>\n\n<\/form>\n<\/div>\n\t\t\t\t<\/div>\n\t\t\t\t<\/div>\n\t\t\t\t<div class=\"elementor-element elementor-element-1b485bb elementor-widget elementor-widget-text-editor\" data-id=\"1b485bb\" data-element_type=\"widget\" data-e-type=\"widget\" data-widget_type=\"text-editor.default\">\n\t\t\t\t\t\t\t\t\t<p>Wichtig: F\u00fclle bitte alle Felder des Formulars aus, damit unsere Experten deinen Fall so genau wie m\u00f6glich analysieren k\u00f6nnen. Sollten wir weitere R\u00fcckfragen haben, werden wir uns bei dir per E-Mail melden. In 1-3 Werktagen erh\u00e4ltst du eine ausf\u00fchrliche R\u00fcckmeldung von uns.<\/p>\t\t\t\t\t\t\t\t<\/div>\n\t\t\t\t\t<\/div>\n\t\t\t\t<\/div>\n\t\t\t\t<\/div>\n\t\t","protected":false},"excerpt":{"rendered":"<p>Wir unterst\u00fctzen dich! Performanceanalyse deiner Website Dir sind Einbu\u00dfen deiner Performance aufgefallen? Dann f\u00fclle das folgende Formular aus, damit sich ein Experte aus unserem Team das genauer anschauen kann! Performance-Auswertung deiner Website Deine Kontaktdaten Dein vollst\u00e4ndiger Name * Deine E-Mail-Adresse * Deine Website Die Performance welcher Website sollen wir pr\u00fcfen? Falls besondere Unterseiten betroffen sind, [&hellip;]<\/p>\n","protected":false},"author":2,"featured_media":0,"parent":0,"menu_order":0,"comment_status":"closed","ping_status":"closed","template":"","meta":{"inline_featured_image":false,"footnotes":""},"class_list":["post-13823","page","type-page","status-publish","hentry"],"_links":{"self":[{"href":"https:\/\/wp-space.de\/en\/wp-json\/wp\/v2\/pages\/13823","targetHints":{"allow":["GET"]}}],"collection":[{"href":"https:\/\/wp-space.de\/en\/wp-json\/wp\/v2\/pages"}],"about":[{"href":"https:\/\/wp-space.de\/en\/wp-json\/wp\/v2\/types\/page"}],"author":[{"embeddable":true,"href":"https:\/\/wp-space.de\/en\/wp-json\/wp\/v2\/users\/2"}],"replies":[{"embeddable":true,"href":"https:\/\/wp-space.de\/en\/wp-json\/wp\/v2\/comments?post=13823"}],"version-history":[{"count":3,"href":"https:\/\/wp-space.de\/en\/wp-json\/wp\/v2\/pages\/13823\/revisions"}],"predecessor-version":[{"id":49831,"href":"https:\/\/wp-space.de\/en\/wp-json\/wp\/v2\/pages\/13823\/revisions\/49831"}],"wp:attachment":[{"href":"https:\/\/wp-space.de\/en\/wp-json\/wp\/v2\/media?parent=13823"}],"curies":[{"name":"wp","href":"https:\/\/api.w.org\/{rel}","templated":true}]}}